{"id":70,"date":"2021-08-29T02:59:41","date_gmt":"2021-08-29T02:59:41","guid":{"rendered":"https:\/\/wpocean.com\/wp\/canun\/?page_id=70"},"modified":"2025-07-31T20:25:40","modified_gmt":"2025-07-31T20:25:40","slug":"hizmetlerimiz","status":"publish","type":"page","link":"https:\/\/fatihsen.av.tr\/index.php\/hizmetlerimiz\/","title":{"rendered":"Hizmetlerimiz"},"content":{"rendered":"\t\t<div data-elementor-type=\"wp-page\" data-elementor-id=\"70\" class=\"elementor elementor-70\">\n\t\t\t\t\t\t<section class=\"elementor-section elementor-top-section elementor-element elementor-element-f2a0f1d elementor-section-full_width elementor-section-height-default elementor-section-height-default\" data-id=\"f2a0f1d\" data-element_type=\"section\">\n\t\t\t\t\t\t<div class=\"elementor-container elementor-column-gap-no\">\n\t\t\t\t\t<div class=\"elementor-column elementor-col-100 elementor-top-column elementor-element elementor-element-1a20ba8\" data-id=\"1a20ba8\" data-element_type=\"column\">\n\t\t\t<div class=\"elementor-widget-wrap elementor-element-populated\">\n\t\t\t\t\t\t<div class=\"elementor-element elementor-element-b81414a elementor-widget elementor-widget-wpo-canun_title\" data-id=\"b81414a\" data-element_type=\"widget\" data-widget_type=\"wpo-canun_title.default\">\n\t\t\t\t<div class=\"elementor-widget-container\">\n\t\t\t\t\t\t\t<div class=\"wpo-section-area\">\n\t\t\t<div class=\"container\">\n\t\t\t\t<div class=\"row align-items-center\">\n\t\t\t\t\t<div class=\"col-lg-5\">\n\t\t\t\t\t\t<div class=\"wpo-section-title\">\n\t\t\t\t\t\t\t<h2>Hukukta G\u00fcvenilir Rehberiniz.<\/h2>\t\t\t\t\t\t<\/div>\n\t\t\t\t\t<\/div>\n\t\t\t\t\t<div class=\"col-lg-5 offset-lg-2\">\n\t\t\t\t\t\t<div class=\"wpo-section-title\">\n\t\t\t\t\t\t\t\t\t\t\t\t\t<\/div>\n\t\t\t\t\t<\/div>\n\t\t\t\t<\/div>\n\t\t\t<\/div>\n\t\t<\/div>\n\t\t\t\t<\/div>\n\t\t\t\t<\/div>\n\t\t\t\t<div class=\"elementor-element elementor-element-12b9e36 elementor-widget elementor-widget-wpo-canun_service\" data-id=\"12b9e36\" data-element_type=\"widget\" data-widget_type=\"wpo-canun_service.default\">\n\t\t\t\t<div class=\"elementor-widget-container\">\n\t\t\t\t\t\n\t\t\t<div class=\"wpo-service-section\">\n\t\t\t\t<div class=\"container\">\n\t\t\t\t\t<div class=\"row align-items-center\">\n\t\t\t\t\t\t\t\t\t\t\t\t\t<div class=\"col col-lg-4 col-12 service-thumbs\">\n\t\t\t\t\t\t\t\t<div class=\"service-thumbs-outer\">\n\t\t\t\t\t\t\t\t\t\t\t\t\t\t\t\t\t\t\t<div class=\"service-thumb dont-active-thumb\" data-case=\"#service-1\">\n\t\t\t\t\t\t\t\t\t\t\t<p>Gayrimenkul Hukuku<\/p>\n\t\t\t\t\t\t\t\t\t\t\t<span class=\"number\">01<\/span>\n\t\t\t\t\t\t\t\t\t\t<\/div>\n\t\t\t\t\t\t\t\t\t\t\t\t\t\t\t\t\t\t\t<div class=\"service-thumb active-thumb\" data-case=\"#service-2\">\n\t\t\t\t\t\t\t\t\t\t\t<p>Miras Hukuku<\/p>\n\t\t\t\t\t\t\t\t\t\t\t<span class=\"number\">02<\/span>\n\t\t\t\t\t\t\t\t\t\t<\/div>\n\t\t\t\t\t\t\t\t\t\t\t\t\t\t\t\t\t\t\t<div class=\"service-thumb dont-active-thumb\" data-case=\"#service-3\">\n\t\t\t\t\t\t\t\t\t\t\t<p>Kira Hukuku<\/p>\n\t\t\t\t\t\t\t\t\t\t\t<span class=\"number\">03<\/span>\n\t\t\t\t\t\t\t\t\t\t<\/div>\n\t\t\t\t\t\t\t\t\t\t\t\t\t\t\t\t\t\t\t<div class=\"service-thumb dont-active-thumb\" data-case=\"#service-4\">\n\t\t\t\t\t\t\t\t\t\t\t<p>\u015eirketler Hukuku<\/p>\n\t\t\t\t\t\t\t\t\t\t\t<span class=\"number\">04<\/span>\n\t\t\t\t\t\t\t\t\t\t<\/div>\n\t\t\t\t\t\t\t\t\t\t\t\t\t\t\t\t\t\t\t<div class=\"service-thumb dont-active-thumb\" data-case=\"#service-5\">\n\t\t\t\t\t\t\t\t\t\t\t<p>Sigorta Hukuku<\/p>\n\t\t\t\t\t\t\t\t\t\t\t<span class=\"number\">05<\/span>\n\t\t\t\t\t\t\t\t\t\t<\/div>\n\t\t\t\t\t\t\t\t\t\t\t\t\t\t\t\t\t\t\t<div class=\"service-thumb dont-active-thumb\" data-case=\"#service-6\">\n\t\t\t\t\t\t\t\t\t\t\t<p>Ceza Hukuku<\/p>\n\t\t\t\t\t\t\t\t\t\t\t<span class=\"number\">06<\/span>\n\t\t\t\t\t\t\t\t\t\t<\/div>\n\t\t\t\t\t\t\t\t\t\t\t\t\t\t\t\t\t<\/div>\n\t\t\t\t\t\t\t<\/div>\n\t\t\t\t\t\t\t\t\t\t\t\t\t<div class=\"col col-lg-8 col-12 service-content\">\n\t\t\t\t\t\t\t\t<div class=\"service-content-outer\">\n\t\t\t\t\t\t\t\t\t\t\t\t\t\t\t\t\t\t\t<div class=\"service-data dont-active-service-data\" id=\"service-1\">\n\t\t\t\t\t\t\t\t\t\t\t<div class=\"service-data-img\">\n\t\t\t\t\t\t\t\t\t\t\t\t<img decoding=\"async\" src=\"https:\/\/fatihsen.av.tr\/wp-content\/uploads\/2021\/09\/123.webp\" alt=\"\">\t\t\t\t\t\t\t\t\t\t\t\t<div class=\"service-data-text\">\n\t\t\t\t\t\t\t\t\t\t\t\t\t<h3>\n\t\t\t\t\t\t\t\t\t\t\t\t\t\t<a href=\"https:\/\/fatihsen.av.tr\/index.php\/service\/kisisel-yaralanma\/\">\n\t\t\t\t\t\t\t\t\t\t\t\t\t\t\tGayrimenkul Hukuku\t\t\t\t\t\t\t\t\t\t\t\t\t\t<\/a>\n\t\t\t\t\t\t\t\t\t\t\t\t\t<\/h3>\n\t\t\t\t\t\t\t\t\t\t\t\t\t<p>Gayrimenkul Hukuku Hukuk b\u00fcromuz, m\u00fclkiyet hakk\u0131ndan kaynaklanan bu ve benzeri t\u00fcm davalarda, uyu\u015fmazl\u0131\u011f\u0131n k\u00f6keni ne olursa olsun, detayl\u0131 bir haz\u0131rl\u0131k ve stratejik bir yakla\u015f\u0131mla m\u00fcvekkillerimizin haklar\u0131n\u0131 <\/p>\n\t\t\t\t\t\t\t\t\t\t\t\t\t<a href=\"https:\/\/fatihsen.av.tr\/index.php\/service\/kisisel-yaralanma\/\">Read More<\/a>\t\t\t\t\t\t\t\t\t\t\t\t<\/div>\n\t\t\t\t\t\t\t\t\t\t\t<\/div>\n\t\t\t\t\t\t\t\t\t\t<\/div>\n\t\t\t\t\t\t\t\t\t\t\t\t\t\t\t\t\t\t\t<div class=\"service-data active-service-data\" id=\"service-2\">\n\t\t\t\t\t\t\t\t\t\t\t<div class=\"service-data-img\">\n\t\t\t\t\t\t\t\t\t\t\t\t<img decoding=\"async\" src=\"https:\/\/fatihsen.av.tr\/wp-content\/uploads\/2021\/09\/Family-Law.webp\" alt=\"\">\t\t\t\t\t\t\t\t\t\t\t\t<div class=\"service-data-text\">\n\t\t\t\t\t\t\t\t\t\t\t\t\t<h3>\n\t\t\t\t\t\t\t\t\t\t\t\t\t\t<a href=\"https:\/\/fatihsen.av.tr\/index.php\/service\/aile-hukuku\/\">\n\t\t\t\t\t\t\t\t\t\t\t\t\t\t\tMiras Hukuku\t\t\t\t\t\t\t\t\t\t\t\t\t\t<\/a>\n\t\t\t\t\t\t\t\t\t\t\t\t\t<\/h3>\n\t\t\t\t\t\t\t\t\t\t\t\t\t<p>Domestic Violence in London How a Lawyer Can Help I must explain to you how all this mistaken idea of denouncing pleasure and praising pain was <\/p>\n\t\t\t\t\t\t\t\t\t\t\t\t\t<a href=\"https:\/\/fatihsen.av.tr\/index.php\/service\/aile-hukuku\/\">Read More<\/a>\t\t\t\t\t\t\t\t\t\t\t\t<\/div>\n\t\t\t\t\t\t\t\t\t\t\t<\/div>\n\t\t\t\t\t\t\t\t\t\t<\/div>\n\t\t\t\t\t\t\t\t\t\t\t\t\t\t\t\t\t\t\t<div class=\"service-data dont-active-service-data\" id=\"service-3\">\n\t\t\t\t\t\t\t\t\t\t\t<div class=\"service-data-img\">\n\t\t\t\t\t\t\t\t\t\t\t\t<img decoding=\"async\" src=\"https:\/\/fatihsen.av.tr\/wp-content\/uploads\/2021\/09\/Criminal-Law.webp\" alt=\"\">\t\t\t\t\t\t\t\t\t\t\t\t<div class=\"service-data-text\">\n\t\t\t\t\t\t\t\t\t\t\t\t\t<h3>\n\t\t\t\t\t\t\t\t\t\t\t\t\t\t<a href=\"https:\/\/fatihsen.av.tr\/index.php\/service\/ceza-hukuku-2\/\">\n\t\t\t\t\t\t\t\t\t\t\t\t\t\t\tKira Hukuku\t\t\t\t\t\t\t\t\t\t\t\t\t\t<\/a>\n\t\t\t\t\t\t\t\t\t\t\t\t\t<\/h3>\n\t\t\t\t\t\t\t\t\t\t\t\t\t<p>Domestic Violence in London How a Lawyer Can Help I must explain to you how all this mistaken idea of denouncing pleasure and praising pain was <\/p>\n\t\t\t\t\t\t\t\t\t\t\t\t\t<a href=\"https:\/\/fatihsen.av.tr\/index.php\/service\/ceza-hukuku-2\/\">Read More<\/a>\t\t\t\t\t\t\t\t\t\t\t\t<\/div>\n\t\t\t\t\t\t\t\t\t\t\t<\/div>\n\t\t\t\t\t\t\t\t\t\t<\/div>\n\t\t\t\t\t\t\t\t\t\t\t\t\t\t\t\t\t\t\t<div class=\"service-data dont-active-service-data\" id=\"service-4\">\n\t\t\t\t\t\t\t\t\t\t\t<div class=\"service-data-img\">\n\t\t\t\t\t\t\t\t\t\t\t\t<img decoding=\"async\" src=\"https:\/\/fatihsen.av.tr\/wp-content\/uploads\/2021\/09\/Education-Law.webp\" alt=\"\">\t\t\t\t\t\t\t\t\t\t\t\t<div class=\"service-data-text\">\n\t\t\t\t\t\t\t\t\t\t\t\t\t<h3>\n\t\t\t\t\t\t\t\t\t\t\t\t\t\t<a href=\"https:\/\/fatihsen.av.tr\/index.php\/service\/egitim-hukuku-2\/\">\n\t\t\t\t\t\t\t\t\t\t\t\t\t\t\t\u015eirketler Hukuku\t\t\t\t\t\t\t\t\t\t\t\t\t\t<\/a>\n\t\t\t\t\t\t\t\t\t\t\t\t\t<\/h3>\n\t\t\t\t\t\t\t\t\t\t\t\t\t<p>Domestic Violence in London How a Lawyer Can Help I must explain to you how all this mistaken idea of denouncing pleasure and praising pain was <\/p>\n\t\t\t\t\t\t\t\t\t\t\t\t\t<a href=\"https:\/\/fatihsen.av.tr\/index.php\/service\/egitim-hukuku-2\/\">Read More<\/a>\t\t\t\t\t\t\t\t\t\t\t\t<\/div>\n\t\t\t\t\t\t\t\t\t\t\t<\/div>\n\t\t\t\t\t\t\t\t\t\t<\/div>\n\t\t\t\t\t\t\t\t\t\t\t\t\t\t\t\t\t\t\t<div class=\"service-data dont-active-service-data\" id=\"service-5\">\n\t\t\t\t\t\t\t\t\t\t\t<div class=\"service-data-img\">\n\t\t\t\t\t\t\t\t\t\t\t\t<img decoding=\"async\" src=\"https:\/\/fatihsen.av.tr\/wp-content\/uploads\/2021\/09\/service-right.webp\" alt=\"\">\t\t\t\t\t\t\t\t\t\t\t\t<div class=\"service-data-text\">\n\t\t\t\t\t\t\t\t\t\t\t\t\t<h3>\n\t\t\t\t\t\t\t\t\t\t\t\t\t\t<a href=\"https:\/\/fatihsen.av.tr\/index.php\/service\/gayrimenkul-hukuku-2\/\">\n\t\t\t\t\t\t\t\t\t\t\t\t\t\t\tSigorta Hukuku\t\t\t\t\t\t\t\t\t\t\t\t\t\t<\/a>\n\t\t\t\t\t\t\t\t\t\t\t\t\t<\/h3>\n\t\t\t\t\t\t\t\t\t\t\t\t\t<p>Sigorta Hukukunun \u00d6nemi Sigorta hukuku, hem bireyler hem de \u015firketler i\u00e7in b\u00fcy\u00fck \u00f6nem ta\u015f\u0131r. Bireyleri beklenmedik durumlar\u0131n finansal y\u00fck\u00fcnden korurken, \u015firketlerin ticari faaliyetlerini daha g\u00fcvenli bir <\/p>\n\t\t\t\t\t\t\t\t\t\t\t\t\t<a href=\"https:\/\/fatihsen.av.tr\/index.php\/service\/gayrimenkul-hukuku-2\/\">Read More<\/a>\t\t\t\t\t\t\t\t\t\t\t\t<\/div>\n\t\t\t\t\t\t\t\t\t\t\t<\/div>\n\t\t\t\t\t\t\t\t\t\t<\/div>\n\t\t\t\t\t\t\t\t\t\t\t\t\t\t\t\t\t\t\t<div class=\"service-data dont-active-service-data\" id=\"service-6\">\n\t\t\t\t\t\t\t\t\t\t\t<div class=\"service-data-img\">\n\t\t\t\t\t\t\t\t\t\t\t\t<img decoding=\"async\" src=\"https:\/\/fatihsen.av.tr\/wp-content\/uploads\/2021\/09\/Business-Law.webp\" alt=\"\">\t\t\t\t\t\t\t\t\t\t\t\t<div class=\"service-data-text\">\n\t\t\t\t\t\t\t\t\t\t\t\t\t<h3>\n\t\t\t\t\t\t\t\t\t\t\t\t\t\t<a href=\"https:\/\/fatihsen.av.tr\/index.php\/service\/ticaret-hukuku\/\">\n\t\t\t\t\t\t\t\t\t\t\t\t\t\t\tCeza Hukuku\t\t\t\t\t\t\t\t\t\t\t\t\t\t<\/a>\n\t\t\t\t\t\t\t\t\t\t\t\t\t<\/h3>\n\t\t\t\t\t\t\t\t\t\t\t\t\t<p>Ceza Hukuku ve Ceza Davas\u0131 T\u00fcrkiye'deki ceza muhakemesi hukuku, soru\u015fturma a\u015famas\u0131nda uygulanan yakalama, el koyma, arama, dinleme ve tutuklama gibi koruma tedbirleriyle \u015f\u00fcphelinin \u00f6zg\u00fcrl\u00fc\u011f\u00fcn\u00fc k\u0131s\u0131tlar. Bu <\/p>\n\t\t\t\t\t\t\t\t\t\t\t\t\t<a href=\"https:\/\/fatihsen.av.tr\/index.php\/service\/ticaret-hukuku\/\">Read More<\/a>\t\t\t\t\t\t\t\t\t\t\t\t<\/div>\n\t\t\t\t\t\t\t\t\t\t\t<\/div>\n\t\t\t\t\t\t\t\t\t\t<\/div>\n\t\t\t\t\t\t\t\t\t<\/div><\/div>\t\t\t\t\t\t\t\t<\/div>\n\t\t\t\t\t\t\t<\/div>\n\t\t\t\t\t<\/div>\n\t\t\t\t\t\t<\/div>\n\t\t\t\t<\/div>\n\t\t\t\t\t<\/div>\n\t\t<\/div>\n\t\t\t\t\t<\/div>\n\t\t<\/section>\n\t\t\t\t<\/div>\n\t\t","protected":false},"excerpt":{"rendered":"Hukukta G\u00fcvenilir Rehberiniz. Gayrimenkul Hukuku 01 Miras Hukuku 02 Kira Hukuku 03 \u015eirketler Hukuku 04 Sigorta Hukuku 05 Ceza Hukuku 06 Gayrimenkul Hukuku Gayrimenkul Hukuku Hukuk b\u00fcromuz, m\u00fclkiyet hakk\u0131ndan kaynaklanan bu ve benzeri t\u00fcm davalarda, uyu\u015fmazl\u0131\u011f\u0131n k\u00f6keni ne olursa olsun, detayl\u0131 bir haz\u0131rl\u0131k ve stratejik bir yakla\u015f\u0131mla m\u00fcvekkillerimizin haklar\u0131n\u0131 Read More Miras Hukuku Domestic Violence ","protected":false},"author":1,"featured_media":0,"parent":0,"menu_order":0,"comment_status":"closed","ping_status":"closed","template":"elementor_header_footer","meta":{"footnotes":""},"class_list":["post-70","page","type-page","status-publish","hentry"],"yoast_head":"<!-- This site is optimized with the Yoast SEO plugin v25.5 - https:\/\/yoast.com\/wordpress\/plugins\/seo\/ -->\n<title>Hizmetlerimiz - Fatih Sen Hukuk<\/title>\n<meta name=\"robots\" content=\"index, follow, max-snippet:-1, max-image-preview:large, max-video-preview:-1\" \/>\n<link rel=\"canonical\" href=\"https:\/\/fatihsen.av.tr\/index.php\/hizmetlerimiz\/\" \/>\n<meta property=\"og:locale\" content=\"tr_TR\" \/>\n<meta property=\"og:type\" content=\"article\" \/>\n<meta property=\"og:title\" content=\"Hizmetlerimiz - Fatih Sen Hukuk\" \/>\n<meta property=\"og:description\" content=\"Hukukta G\u00fcvenilir Rehberiniz. Gayrimenkul Hukuku 01 Miras Hukuku 02 Kira Hukuku 03 \u015eirketler Hukuku 04 Sigorta Hukuku 05 Ceza Hukuku 06 Gayrimenkul Hukuku Gayrimenkul Hukuku Hukuk b\u00fcromuz, m\u00fclkiyet hakk\u0131ndan kaynaklanan bu ve benzeri t\u00fcm davalarda, uyu\u015fmazl\u0131\u011f\u0131n k\u00f6keni ne olursa olsun, detayl\u0131 bir haz\u0131rl\u0131k ve stratejik bir yakla\u015f\u0131mla m\u00fcvekkillerimizin haklar\u0131n\u0131 Read More Miras Hukuku Domestic Violence\" \/>\n<meta property=\"og:url\" content=\"https:\/\/fatihsen.av.tr\/index.php\/hizmetlerimiz\/\" \/>\n<meta property=\"og:site_name\" content=\"Fatih Sen Hukuk\" \/>\n<meta property=\"article:modified_time\" content=\"2025-07-31T20:25:40+00:00\" \/>\n<meta property=\"og:image\" content=\"https:\/\/fatihsen.av.tr\/wp-content\/uploads\/2021\/09\/123.webp\" \/>\n<meta name=\"twitter:card\" content=\"summary_large_image\" \/>\n<meta name=\"twitter:label1\" content=\"Tahmini okuma s\u00fcresi\" \/>\n\t<meta name=\"twitter:data1\" content=\"3 dakika\" \/>\n<script type=\"application\/ld+json\" class=\"yoast-schema-graph\">{\"@context\":\"https:\/\/schema.org\",\"@graph\":[{\"@type\":\"WebPage\",\"@id\":\"https:\/\/fatihsen.av.tr\/index.php\/hizmetlerimiz\/\",\"url\":\"https:\/\/fatihsen.av.tr\/index.php\/hizmetlerimiz\/\",\"name\":\"Hizmetlerimiz - Fatih Sen Hukuk\",\"isPartOf\":{\"@id\":\"https:\/\/fatihsen.av.tr\/#website\"},\"primaryImageOfPage\":{\"@id\":\"https:\/\/fatihsen.av.tr\/index.php\/hizmetlerimiz\/#primaryimage\"},\"image\":{\"@id\":\"https:\/\/fatihsen.av.tr\/index.php\/hizmetlerimiz\/#primaryimage\"},\"thumbnailUrl\":\"https:\/\/fatihsen.av.tr\/wp-content\/uploads\/2021\/09\/123.webp\",\"datePublished\":\"2021-08-29T02:59:41+00:00\",\"dateModified\":\"2025-07-31T20:25:40+00:00\",\"breadcrumb\":{\"@id\":\"https:\/\/fatihsen.av.tr\/index.php\/hizmetlerimiz\/#breadcrumb\"},\"inLanguage\":\"tr\",\"potentialAction\":[{\"@type\":\"ReadAction\",\"target\":[\"https:\/\/fatihsen.av.tr\/index.php\/hizmetlerimiz\/\"]}]},{\"@type\":\"ImageObject\",\"inLanguage\":\"tr\",\"@id\":\"https:\/\/fatihsen.av.tr\/index.php\/hizmetlerimiz\/#primaryimage\",\"url\":\"https:\/\/fatihsen.av.tr\/wp-content\/uploads\/2021\/09\/123.webp\",\"contentUrl\":\"https:\/\/fatihsen.av.tr\/wp-content\/uploads\/2021\/09\/123.webp\",\"width\":1280,\"height\":720},{\"@type\":\"BreadcrumbList\",\"@id\":\"https:\/\/fatihsen.av.tr\/index.php\/hizmetlerimiz\/#breadcrumb\",\"itemListElement\":[{\"@type\":\"ListItem\",\"position\":1,\"name\":\"Home\",\"item\":\"https:\/\/fatihsen.av.tr\/\"},{\"@type\":\"ListItem\",\"position\":2,\"name\":\"Hizmetlerimiz\"}]},{\"@type\":\"WebSite\",\"@id\":\"https:\/\/fatihsen.av.tr\/#website\",\"url\":\"https:\/\/fatihsen.av.tr\/\",\"name\":\"Fatih Sen Hukuk\",\"description\":\"\",\"publisher\":{\"@id\":\"https:\/\/fatihsen.av.tr\/#organization\"},\"potentialAction\":[{\"@type\":\"SearchAction\",\"target\":{\"@type\":\"EntryPoint\",\"urlTemplate\":\"https:\/\/fatihsen.av.tr\/?s={search_term_string}\"},\"query-input\":{\"@type\":\"PropertyValueSpecification\",\"valueRequired\":true,\"valueName\":\"search_term_string\"}}],\"inLanguage\":\"tr\"},{\"@type\":\"Organization\",\"@id\":\"https:\/\/fatihsen.av.tr\/#organization\",\"name\":\"Fatih Sen Hukuk\",\"url\":\"https:\/\/fatihsen.av.tr\/\",\"logo\":{\"@type\":\"ImageObject\",\"inLanguage\":\"tr\",\"@id\":\"https:\/\/fatihsen.av.tr\/#\/schema\/logo\/image\/\",\"url\":\"https:\/\/fatihsen.av.tr\/wp-content\/uploads\/2025\/05\/ustlogo-1.webp\",\"contentUrl\":\"https:\/\/fatihsen.av.tr\/wp-content\/uploads\/2025\/05\/ustlogo-1.webp\",\"width\":150,\"height\":150,\"caption\":\"Fatih Sen Hukuk\"},\"image\":{\"@id\":\"https:\/\/fatihsen.av.tr\/#\/schema\/logo\/image\/\"}}]}<\/script>\n<!-- \/ Yoast SEO plugin. -->","yoast_head_json":{"title":"Hizmetlerimiz - Fatih Sen Hukuk","robots":{"index":"index","follow":"follow","max-snippet":"max-snippet:-1","max-image-preview":"max-image-preview:large","max-video-preview":"max-video-preview:-1"},"canonical":"https:\/\/fatihsen.av.tr\/index.php\/hizmetlerimiz\/","og_locale":"tr_TR","og_type":"article","og_title":"Hizmetlerimiz - Fatih Sen Hukuk","og_description":"Hukukta G\u00fcvenilir Rehberiniz. Gayrimenkul Hukuku 01 Miras Hukuku 02 Kira Hukuku 03 \u015eirketler Hukuku 04 Sigorta Hukuku 05 Ceza Hukuku 06 Gayrimenkul Hukuku Gayrimenkul Hukuku Hukuk b\u00fcromuz, m\u00fclkiyet hakk\u0131ndan kaynaklanan bu ve benzeri t\u00fcm davalarda, uyu\u015fmazl\u0131\u011f\u0131n k\u00f6keni ne olursa olsun, detayl\u0131 bir haz\u0131rl\u0131k ve stratejik bir yakla\u015f\u0131mla m\u00fcvekkillerimizin haklar\u0131n\u0131 Read More Miras Hukuku Domestic Violence","og_url":"https:\/\/fatihsen.av.tr\/index.php\/hizmetlerimiz\/","og_site_name":"Fatih Sen Hukuk","article_modified_time":"2025-07-31T20:25:40+00:00","og_image":[{"url":"https:\/\/fatihsen.av.tr\/wp-content\/uploads\/2021\/09\/123.webp","type":"","width":"","height":""}],"twitter_card":"summary_large_image","twitter_misc":{"Tahmini okuma s\u00fcresi":"3 dakika"},"schema":{"@context":"https:\/\/schema.org","@graph":[{"@type":"WebPage","@id":"https:\/\/fatihsen.av.tr\/index.php\/hizmetlerimiz\/","url":"https:\/\/fatihsen.av.tr\/index.php\/hizmetlerimiz\/","name":"Hizmetlerimiz - Fatih Sen Hukuk","isPartOf":{"@id":"https:\/\/fatihsen.av.tr\/#website"},"primaryImageOfPage":{"@id":"https:\/\/fatihsen.av.tr\/index.php\/hizmetlerimiz\/#primaryimage"},"image":{"@id":"https:\/\/fatihsen.av.tr\/index.php\/hizmetlerimiz\/#primaryimage"},"thumbnailUrl":"https:\/\/fatihsen.av.tr\/wp-content\/uploads\/2021\/09\/123.webp","datePublished":"2021-08-29T02:59:41+00:00","dateModified":"2025-07-31T20:25:40+00:00","breadcrumb":{"@id":"https:\/\/fatihsen.av.tr\/index.php\/hizmetlerimiz\/#breadcrumb"},"inLanguage":"tr","potentialAction":[{"@type":"ReadAction","target":["https:\/\/fatihsen.av.tr\/index.php\/hizmetlerimiz\/"]}]},{"@type":"ImageObject","inLanguage":"tr","@id":"https:\/\/fatihsen.av.tr\/index.php\/hizmetlerimiz\/#primaryimage","url":"https:\/\/fatihsen.av.tr\/wp-content\/uploads\/2021\/09\/123.webp","contentUrl":"https:\/\/fatihsen.av.tr\/wp-content\/uploads\/2021\/09\/123.webp","width":1280,"height":720},{"@type":"BreadcrumbList","@id":"https:\/\/fatihsen.av.tr\/index.php\/hizmetlerimiz\/#breadcrumb","itemListElement":[{"@type":"ListItem","position":1,"name":"Home","item":"https:\/\/fatihsen.av.tr\/"},{"@type":"ListItem","position":2,"name":"Hizmetlerimiz"}]},{"@type":"WebSite","@id":"https:\/\/fatihsen.av.tr\/#website","url":"https:\/\/fatihsen.av.tr\/","name":"Fatih Sen Hukuk","description":"","publisher":{"@id":"https:\/\/fatihsen.av.tr\/#organization"},"potentialAction":[{"@type":"SearchAction","target":{"@type":"EntryPoint","urlTemplate":"https:\/\/fatihsen.av.tr\/?s={search_term_string}"},"query-input":{"@type":"PropertyValueSpecification","valueRequired":true,"valueName":"search_term_string"}}],"inLanguage":"tr"},{"@type":"Organization","@id":"https:\/\/fatihsen.av.tr\/#organization","name":"Fatih Sen Hukuk","url":"https:\/\/fatihsen.av.tr\/","logo":{"@type":"ImageObject","inLanguage":"tr","@id":"https:\/\/fatihsen.av.tr\/#\/schema\/logo\/image\/","url":"https:\/\/fatihsen.av.tr\/wp-content\/uploads\/2025\/05\/ustlogo-1.webp","contentUrl":"https:\/\/fatihsen.av.tr\/wp-content\/uploads\/2025\/05\/ustlogo-1.webp","width":150,"height":150,"caption":"Fatih Sen Hukuk"},"image":{"@id":"https:\/\/fatihsen.av.tr\/#\/schema\/logo\/image\/"}}]}},"_links":{"self":[{"href":"https:\/\/fatihsen.av.tr\/index.php\/wp-json\/wp\/v2\/pages\/70","targetHints":{"allow":["GET"]}}],"collection":[{"href":"https:\/\/fatihsen.av.tr\/index.php\/wp-json\/wp\/v2\/pages"}],"about":[{"href":"https:\/\/fatihsen.av.tr\/index.php\/wp-json\/wp\/v2\/types\/page"}],"author":[{"embeddable":true,"href":"https:\/\/fatihsen.av.tr\/index.php\/wp-json\/wp\/v2\/users\/1"}],"replies":[{"embeddable":true,"href":"https:\/\/fatihsen.av.tr\/index.php\/wp-json\/wp\/v2\/comments?post=70"}],"version-history":[{"count":4,"href":"https:\/\/fatihsen.av.tr\/index.php\/wp-json\/wp\/v2\/pages\/70\/revisions"}],"predecessor-version":[{"id":1320,"href":"https:\/\/fatihsen.av.tr\/index.php\/wp-json\/wp\/v2\/pages\/70\/revisions\/1320"}],"wp:attachment":[{"href":"https:\/\/fatihsen.av.tr\/index.php\/wp-json\/wp\/v2\/media?parent=70"}],"curies":[{"name":"wp","href":"https:\/\/api.w.org\/{rel}","templated":true}]}}